{"id":44,"date":"2026-03-15T00:01:59","date_gmt":"2026-03-15T00:01:59","guid":{"rendered":"https:\/\/viajemagicoalaluna.revistacitrico.com\/?page_id=44"},"modified":"2026-04-18T01:36:38","modified_gmt":"2026-04-18T01:36:38","slug":"capitulo-1","status":"publish","type":"page","link":"https:\/\/viajemagicoalaluna.revistacitrico.com\/index.php\/capitulo-1\/","title":{"rendered":"Cap\u00edtulo 1"},"content":{"rendered":"<p>[et_pb_section fb_built=\u00bb1&#8243; padding_top_2=\u00bb200px\u00bb padding_top_bottom_link_2=\u00bbfalse\u00bb padding_left_right_link_2=\u00bbfalse\u00bb _builder_version=\u00bb4.17.3&#8243; _module_preset=\u00bbdefault\u00bb background_color=\u00bb#131517&#8243; custom_padding=\u00bb||||false|false\u00bb global_colors_info=\u00bb{}\u00bb][et_pb_row column_structure=\u00bb1_3,2_3&#8243; _builder_version=\u00bb4.21.0&#8243; _module_preset=\u00bbdefault\u00bb animation_style=\u00bbfold\u00bb global_colors_info=\u00bb{}\u00bb][et_pb_column type=\u00bb1_3&#8243; _builder_version=\u00bb4.17.3&#8243; _module_preset=\u00bbdefault\u00bb custom_padding_tablet=\u00bb||||false|false\u00bb custom_padding_phone=\u00bb||||false|false\u00bb custom_padding_last_edited=\u00bboff|phone\u00bb global_colors_info=\u00bb{}\u00bb][et_pb_divider show_divider=\u00bboff\u00bb _builder_version=\u00bb4.17.3&#8243; _module_preset=\u00bbdefault\u00bb positioning=\u00bbabsolute\u00bb position_origin_a=\u00bbbottom_center\u00bb width=\u00bb100%\u00bb max_width=\u00bb500px\u00bb height=\u00bb15vw\u00bb height_tablet=\u00bb40vw\u00bb height_phone=\u00bb40vw\u00bb height_last_edited=\u00bbon|tablet\u00bb custom_margin=\u00bb||-3vw||false|false\u00bb custom_margin_tablet=\u00bb||-4.5vw||false|false\u00bb custom_margin_phone=\u00bb||||false|false\u00bb custom_margin_last_edited=\u00bbon|tablet\u00bb custom_padding=\u00bb||||false|false\u00bb border_radii=\u00bboff|||400px|400px\u00bb border_width_bottom=\u00bb1px\u00bb border_color_bottom=\u00bbrgba(18,214,120,0.4)\u00bb locked=\u00bboff\u00bb global_colors_info=\u00bb{}\u00bb][\/et_pb_divider][et_pb_divider show_divider=\u00bboff\u00bb _builder_version=\u00bb4.17.3&#8243; _module_preset=\u00bbdefault\u00bb positioning=\u00bbabsolute\u00bb position_origin_a=\u00bbbottom_center\u00bb width=\u00bb100%\u00bb max_width=\u00bb500px\u00bb height=\u00bb15vw\u00bb height_tablet=\u00bb40vw\u00bb height_phone=\u00bb40vw\u00bb height_last_edited=\u00bbon|tablet\u00bb custom_margin=\u00bb||-2vw||false|false\u00bb custom_margin_tablet=\u00bb||-3vw||false|false\u00bb custom_margin_phone=\u00bb||||false|false\u00bb custom_margin_last_edited=\u00bbon|tablet\u00bb custom_padding=\u00bb||||false|false\u00bb border_radii=\u00bboff|||400px|400px\u00bb border_width_bottom=\u00bb1px\u00bb border_color_bottom=\u00bbrgba(18,214,120,0.6)\u00bb locked=\u00bboff\u00bb global_colors_info=\u00bb{}\u00bb][\/et_pb_divider][et_pb_divider show_divider=\u00bboff\u00bb _builder_version=\u00bb4.17.3&#8243; _module_preset=\u00bbdefault\u00bb positioning=\u00bbabsolute\u00bb position_origin_a=\u00bbbottom_center\u00bb width=\u00bb100%\u00bb width_last_edited=\u00bboff|desktop\u00bb max_width=\u00bb500px\u00bb height=\u00bb15vw\u00bb height_tablet=\u00bb40vw\u00bb height_phone=\u00bb40vw\u00bb height_last_edited=\u00bbon|tablet\u00bb custom_margin=\u00bb||-1vw||false|false\u00bb custom_margin_tablet=\u00bb||-1.5vw||false|false\u00bb custom_margin_phone=\u00bb||||false|false\u00bb custom_margin_last_edited=\u00bbon|tablet\u00bb custom_padding=\u00bb||||false|false\u00bb border_radii=\u00bboff|||400px|400px\u00bb border_width_bottom=\u00bb1px\u00bb border_color_bottom=\u00bbrgba(18,214,120,0.8)\u00bb locked=\u00bboff\u00bb global_colors_info=\u00bb{}\u00bb width__hover_enabled=\u00bboff|desktop\u00bb][\/et_pb_divider][et_pb_text _builder_version=\u00bb4.21.0&#8243; _module_preset=\u00bbe6504a1b-67eb-4b3d-b023-bcab277610b6&#8243; header_4_font=\u00bbMukta|800||on|||||\u00bb header_4_text_color=\u00bb#12D678&#8243; header_4_font_size=\u00bb14px\u00bb header_4_letter_spacing=\u00bb0.15em\u00bb header_4_line_height=\u00bb1.5em\u00bb custom_margin=\u00bb||0px||false|false\u00bb locked=\u00bboff\u00bb global_colors_info=\u00bb{}\u00bb]<\/p>\n<h4>Cap\u00edtulo 1<\/h4>\n<p>[\/et_pb_text][et_pb_text _builder_version=\u00bb4.21.0&#8243; _module_preset=\u00bbc16985e1-e0d6-4022-964d-e2bfc04fa633&#8243; header_font=\u00bbPT Sans|700|||||||\u00bb header_text_color=\u00bb#FFFFFF\u00bb header_font_size=\u00bb75px\u00bb header_line_height=\u00bb1.2em\u00bb custom_margin=\u00bb||0px||false|false\u00bb header_font_size_tablet=\u00bb40px\u00bb header_font_size_phone=\u00bb24px\u00bb header_font_size_last_edited=\u00bbon|phone\u00bb locked=\u00bboff\u00bb global_colors_info=\u00bb{}\u00bb]<\/p>\n<h1><b>La Se\u00f1al en el C<\/b>ielo<\/h1>\n<p>[\/et_pb_text][\/et_pb_column][et_pb_column type=\u00bb2_3&#8243; _builder_version=\u00bb4.17.1&#8243; _module_preset=\u00bbdefault\u00bb custom_padding=\u00bb||||false|false\u00bb custom_padding_tablet=\u00bb50px||||false|false\u00bb custom_padding_phone=\u00bb50px||||false|false\u00bb custom_padding_last_edited=\u00bbon|tablet\u00bb global_colors_info=\u00bb{}\u00bb][et_pb_divider color=\u00bb#FFFFFF\u00bb divider_weight=\u00bb4px\u00bb _builder_version=\u00bb4.17.3&#8243; _module_preset=\u00bbdefault\u00bb width=\u00bb60%\u00bb locked=\u00bboff\u00bb global_colors_info=\u00bb{}\u00bb][\/et_pb_divider][et_pb_text _builder_version=\u00bb4.21.0&#8243; _module_preset=\u00bb518880c8-46c7-4ffa-b5a6-93ffa99dcc17&#8243; text_font=\u00bbMukta|500|||||||\u00bb text_text_color=\u00bb#FFFFFF\u00bb text_font_size=\u00bb18px\u00bb text_line_height=\u00bb1.45em\u00bb text_font_size_tablet=\u00bb16px\u00bb text_font_size_phone=\u00bb14px\u00bb text_font_size_last_edited=\u00bbon|phone\u00bb locked=\u00bboff\u00bb global_colors_info=\u00bb{}\u00bb]<span style=\"font-weight: 400;\">Leo siempre hab\u00eda sentido que no pertenec\u00eda solo a la Tierra.<\/span><br \/>\n<span style=\"font-weight: 400;\">Mientras otros ni\u00f1os so\u00f1aban con videojuegos o bicicletas nuevas, \u00e9l so\u00f1aba con constelaciones, galaxias lejanas y viajes imposibles. Ten\u00eda una libreta llena de dibujos de cohetes con alas enormes, ciudades flotando entre estrellas y criaturas espaciales con ojos brillantes.<\/span><br \/>\n<span style=\"font-weight: 400;\">Aquella noche, el cielo estaba especialmente claro. La Luna parec\u00eda m\u00e1s grande que de costumbre, tan brillante que iluminaba el techo de su habitaci\u00f3n.<\/span><br \/>\n<span style=\"font-weight: 400;\">Leo apoy\u00f3 la frente en la ventana.<\/span><br \/>\n<span style=\"font-weight: 400;\">\u2014\u00bfQu\u00e9 escondes all\u00e1 arriba? \u2014susurr\u00f3.<\/span><br \/>\n<span style=\"font-weight: 400;\">En ese mismo instante, su l\u00e1mpara comenz\u00f3 a parpadear.<\/span><br \/>\n<span style=\"font-weight: 400;\">\u2014\u00bfMam\u00e1? \u2014llam\u00f3.<\/span><br \/>\n<span style=\"font-weight: 400;\">Pero no era la electricidad.<\/span><br \/>\n<span style=\"font-weight: 400;\">Su reloj digital empez\u00f3 a emitir un sonido suave: pi\u2026 pi\u2026 pi\u2026<\/span><br \/>\n<span style=\"font-weight: 400;\">Leo lo levant\u00f3 confundido.<\/span><br \/>\n<span style=\"font-weight: 400;\">En la pantalla apareci\u00f3 un s\u00edmbolo desconocido: un c\u00edrculo plateado con tres estrellas orbitando alrededor.<\/span>[\/et_pb_text][et_pb_image src=\u00bbhttps:\/\/viajemagicoalaluna.revistacitrico.com\/wp-content\/uploads\/2026\/03\/online-course2.png\u00bb title_text=\u00bbonline-course2&#8243; _builder_version=\u00bb4.17.0&#8243; _module_preset=\u00bbdefault\u00bb locked=\u00bboff\u00bb global_colors_info=\u00bb{}\u00bb][\/et_pb_image][\/et_pb_column][\/et_pb_row][\/et_pb_section][et_pb_section fb_built=\u00bb1&#8243; admin_label=\u00bbFeatures\u00bb _builder_version=\u00bb4.17.3&#8243; _module_preset=\u00bbdefault\u00bb background_color=\u00bb#000000&#8243; collapsed=\u00bbon\u00bb global_colors_info=\u00bb{}\u00bb][et_pb_row make_equal=\u00bbon\u00bb _builder_version=\u00bb4.21.0&#8243; _module_preset=\u00bbdefault\u00bb custom_margin=\u00bb||||false|false\u00bb custom_padding=\u00bb||||false|false\u00bb hover_enabled=\u00bb0&#8243; global_colors_info=\u00bb{}\u00bb sticky_enabled=\u00bb0&#8243;][et_pb_column type=\u00bb4_4&#8243; _builder_version=\u00bb4.17.0&#8243; _module_preset=\u00bbdefault\u00bb global_colors_info=\u00bb{}\u00bb][et_pb_divider show_divider=\u00bboff\u00bb _builder_version=\u00bb4.17.3&#8243; _module_preset=\u00bbdefault\u00bb width=\u00bb120px\u00bb module_alignment=\u00bbright\u00bb height=\u00bb120px\u00bb custom_margin=\u00bb||30px||false|false\u00bb border_radii=\u00bbon|200px|200px|200px|200px\u00bb border_width_all=\u00bb2px\u00bb border_color_all=\u00bb#12D678&#8243; global_colors_info=\u00bb{}\u00bb][\/et_pb_divider][et_pb_text _builder_version=\u00bb4.21.0&#8243; _module_preset=\u00bb1f09816e-184e-4ce5-a4cf-b39c52c423ca\u00bb text_font=\u00bbMukta|500|||||||\u00bb text_text_color=\u00bb#FFFFFF\u00bb text_font_size=\u00bb16px\u00bb text_line_height=\u00bb1.4em\u00bb hover_enabled=\u00bb0&#8243; text_font_size_tablet=\u00bb14px\u00bb text_font_size_phone=\u00bb14px\u00bb text_font_size_last_edited=\u00bbon|desktop\u00bb header_font_size_tablet=\u00bb55px\u00bb header_font_size_last_edited=\u00bboff|desktop\u00bb global_colors_info=\u00bb{}\u00bb sticky_enabled=\u00bb0&#8243;]<\/p>\n<p style=\"text-align: justify;\"><span style=\"font-weight: 400;\">Luego apareci\u00f3 un mensaje:<\/span><br \/><span style=\"font-weight: 400;\">\u201cExploradores necesarios. Nivel de valent\u00eda: alto. Destino: Ciudad de la Luna.\u201d<\/span><br \/><span style=\"font-weight: 400;\">Leo casi dej\u00f3 caer el reloj.<\/span><br \/><span style=\"font-weight: 400;\">\u2014Esto\u2026 esto no puede ser real.<\/span><br \/><span style=\"font-weight: 400;\">Antes de que pudiera reaccionar, su comunicador port\u00e1til vibr\u00f3. Era Mila.<\/span><br \/><span style=\"font-weight: 400;\">\u2014\u00a1Leo! \u00bfTe lleg\u00f3 el mensaje? \u2014pregunt\u00f3 sin siquiera saludar.<\/span><br \/><span style=\"font-weight: 400;\">\u2014\u00a1S\u00ed! \u00bfQu\u00e9 est\u00e1 pasando?<\/span><br \/><span style=\"font-weight: 400;\">\u2014No es un error \u2014respondi\u00f3 ella, con esa voz que usaba cuando estaba emocionada\u2014. <\/span><\/p>\n<p style=\"text-align: justify;\"><span style=\"font-weight: 400;\">Es la se\u00f1al que he estado esperando desde que detect\u00e9 anomal\u00edas en la \u00f3rbita lunar.<\/span><br \/><span style=\"font-weight: 400;\">Leo parpade\u00f3.<\/span><\/p>\n<p style=\"text-align: justify;\"><span style=\"font-weight: 400;\">\u2014\u00bfAnoma\u2026 qu\u00e9?<\/span><br \/><span style=\"font-weight: 400;\">\u2014Ven al garaje. Ahora.<\/span><br \/><span style=\"font-weight: 400;\">Quince minutos despu\u00e9s, Leo estaba frente a la casa de Mila. Desde afuera se ve\u00eda completamente normal\u2026 excepto por la luz azul que escapaba por debajo de la puerta del garaje.<\/span><br \/><span style=\"font-weight: 400;\">Cuando Mila abri\u00f3, el coraz\u00f3n de Leo dio un salto.<\/span><\/p>\n<p style=\"text-align: justify;\"><span style=\"font-weight: 400;\">En el centro del garaje hab\u00eda un cohete.<\/span><br \/><span style=\"font-weight: 400;\">No era enorme. Era compacto, elegante, plateado, con detalles en azul brillante. Ten\u00eda una cabina transparente y alas peque\u00f1as a los lados.<\/span><br \/><span style=\"font-weight: 400;\">\u2014No puede ser \u2014susurr\u00f3 Leo.<\/span><br \/><span style=\"font-weight: 400;\">Mila cruz\u00f3 los brazos orgullosa.<\/span><br \/><span style=\"font-weight: 400;\">\u2014Te presento el ML-1. M\u00f3dulo Lunar versi\u00f3n 1.<\/span><br \/><span style=\"font-weight: 400;\">En ese momento, algo rod\u00f3 desde debajo del cohete y choc\u00f3 suavemente contra el zapato de Leo.<\/span><br \/><span style=\"font-weight: 400;\">\u2014\u00a1Identificaci\u00f3n confirmada! Leo: so\u00f1ador espacial cr\u00f3nico \u2014dijo una voz rob\u00f3tica.<\/span><br \/><span style=\"font-weight: 400;\">Leo sonri\u00f3.<\/span><br \/><span style=\"font-weight: 400;\">\u2014Tiko.<\/span><\/p>\n<p>[\/et_pb_text][et_pb_divider color=\u00bb#FFFFFF\u00bb divider_position=\u00bbcenter\u00bb divider_weight=\u00bb4px\u00bb _builder_version=\u00bb4.17.3&#8243; _module_preset=\u00bbdefault\u00bb positioning=\u00bbabsolute\u00bb position_origin_a=\u00bbtop_right\u00bb vertical_offset=\u00bb30px\u00bb horizontal_offset=\u00bb70px\u00bb width=\u00bb110px\u00bb global_colors_info=\u00bb{}\u00bb][\/et_pb_divider][\/et_pb_column][\/et_pb_row][\/et_pb_section][et_pb_section fb_built=\u00bb1&#8243; admin_label=\u00bbStats\u00bb _builder_version=\u00bb4.17.3&#8243; _module_preset=\u00bbdefault\u00bb background_color=\u00bb#000000&#8243; collapsed=\u00bbon\u00bb global_colors_info=\u00bb{}\u00bb][et_pb_row column_structure=\u00bb1_2,1_2&#8243; make_equal=\u00bbon\u00bb _builder_version=\u00bb4.17.3&#8243; _module_preset=\u00bbdefault\u00bb custom_padding=\u00bb||0px||false|false\u00bb global_colors_info=\u00bb{}\u00bb][et_pb_column type=\u00bb1_2&#8243; _builder_version=\u00bb4.17.0&#8243; _module_preset=\u00bbdefault\u00bb global_colors_info=\u00bb{}\u00bb][\/et_pb_column][et_pb_column type=\u00bb1_2&#8243; _builder_version=\u00bb4.17.0&#8243; _module_preset=\u00bbdefault\u00bb global_colors_info=\u00bb{}\u00bb][et_pb_divider color=\u00bb#12D678&#8243; divider_position=\u00bbcenter\u00bb divider_weight=\u00bb5px\u00bb _builder_version=\u00bb4.17.0&#8243; _module_preset=\u00bbdefault\u00bb positioning=\u00bbabsolute\u00bb position_origin_a=\u00bbcenter_left\u00bb width=\u00bb35%\u00bb global_colors_info=\u00bb{}\u00bb][\/et_pb_divider][\/et_pb_column][\/et_pb_row][et_pb_row column_structure=\u00bb1_2,1_2&#8243; _builder_version=\u00bb4.17.0&#8243; _module_preset=\u00bbdefault\u00bb global_colors_info=\u00bb{}\u00bb][et_pb_column type=\u00bb1_2&#8243; _builder_version=\u00bb4.17.0&#8243; _module_preset=\u00bbdefault\u00bb global_colors_info=\u00bb{}\u00bb][et_pb_text _builder_version=\u00bb4.21.0&#8243; _module_preset=\u00bb1f09816e-184e-4ce5-a4cf-b39c52c423ca\u00bb text_font=\u00bbMukta|500|||||||\u00bb text_text_color=\u00bb#FFFFFF\u00bb text_font_size=\u00bb16px\u00bb text_line_height=\u00bb1.4em\u00bb width_tablet=\u00bb50%\u00bb width_phone=\u00bb100%\u00bb width_last_edited=\u00bboff|desktop\u00bb hover_enabled=\u00bb0&#8243; text_font_size_tablet=\u00bb14px\u00bb text_font_size_phone=\u00bb14px\u00bb text_font_size_last_edited=\u00bbon|desktop\u00bb header_font_size_tablet=\u00bb55px\u00bb header_font_size_last_edited=\u00bboff|desktop\u00bb global_colors_info=\u00bb{}\u00bb sticky_enabled=\u00bb0&#8243;]<\/p>\n<p style=\"text-align: justify;\"><span style=\"font-weight: 400;\">El peque\u00f1o robot levant\u00f3 sus antenas, que parpadeaban como luces navide\u00f1as.<\/span><br \/><span style=\"font-weight: 400;\">\u2014He actualizado mis sistemas para viaje interplanetario. Tambi\u00e9n traje galletas espaciales. Sabor desconocido.<\/span><br \/><span style=\"font-weight: 400;\">\u2014Eso no suena tranquilizador \u2014dijo Leo.<\/span><br \/><span style=\"font-weight: 400;\">Mila ya estaba revisando una tableta hologr\u00e1fica.<\/span><\/p>\n<p style=\"text-align: justify;\"><span style=\"font-weight: 400;\">\u2014La se\u00f1al que recibimos no es humana. Proviene de la superficie lunar\u2026 espec\u00edficamente de una zona que no aparece en los mapas oficiales.<\/span><br \/><span style=\"font-weight: 400;\">Leo se acerc\u00f3.<\/span><br \/><span style=\"font-weight: 400;\">En la pantalla flotaba la imagen de la Luna. Pero en uno de los hemisferios brillaba un punto dorado que palpitaba lentamente.<\/span><br \/><span style=\"font-weight: 400;\">\u2014\u00bfQu\u00e9 es eso? \u2014pregunt\u00f3.<\/span><br \/><span style=\"font-weight: 400;\">\u2014No lo s\u00e9. Pero si alguien pidi\u00f3 exploradores\u2026 debemos ir.<\/span><\/p>\n<p style=\"text-align: justify;\"><span style=\"font-weight: 400;\">Leo sinti\u00f3 algo mezclado dentro del pecho: miedo\u2026 emoci\u00f3n\u2026 curiosidad.<\/span><br \/><span style=\"font-weight: 400;\">\u2014\u00bfY si es peligroso?<\/span><br \/><span style=\"font-weight: 400;\">Tiko gir\u00f3 la cabeza.<\/span><br \/><span style=\"font-weight: 400;\">\u2014Probabilidad de peligro: 68%. Probabilidad de aventura extraordinaria: 100%.<\/span><\/p>\n<p style=\"text-align: justify;\"><span style=\"font-weight: 400;\">Mila sonri\u00f3.<\/span><br \/><span style=\"font-weight: 400;\">\u2014\u00bfEntonces?<\/span><br \/><span style=\"font-weight: 400;\">Leo mir\u00f3 el cohete. Luego mir\u00f3 la Luna, visible desde la peque\u00f1a ventana del garaje.<\/span><br \/><span style=\"font-weight: 400;\">\u2014Entonces vamos.<\/span><br \/><span style=\"font-weight: 400;\">Subieron al ML-1.<\/span><\/p>\n<p>[\/et_pb_text][\/et_pb_column][et_pb_column type=\u00bb1_2&#8243; _builder_version=\u00bb4.17.0&#8243; _module_preset=\u00bbdefault\u00bb global_colors_info=\u00bb{}\u00bb][et_pb_gallery gallery_ids=\u00bb57&#8243; gallery_orderby=\u00bbrand\u00bb fullwidth=\u00bbon\u00bb _builder_version=\u00bb4.21.0&#8243; _module_preset=\u00bbdefault\u00bb title_font=\u00bb|800|||||||\u00bb title_text_color=\u00bbRGBA(255,255,255,0)\u00bb title_font_size=\u00bb1px\u00bb child_filter_saturate=\u00bb99%\u00bb child_filter_sepia=\u00bb6%\u00bb global_colors_info=\u00bb{}\u00bb][\/et_pb_gallery][\/et_pb_column][\/et_pb_row][\/et_pb_section][et_pb_section fb_built=\u00bb1&#8243; admin_label=\u00bbFooter\u00bb _builder_version=\u00bb4.17.3&#8243; _module_preset=\u00bbdefault\u00bb background_color=\u00bb#000000&#8243; use_background_color_gradient=\u00bbon\u00bb background_color_gradient_stops=\u00bbrgba(0,0,0,0.2) 0%|#000000 90%\u00bb background_color_gradient_overlays_image=\u00bbon\u00bb background_image=\u00bbhttps:\/\/viajemagicoalaluna.revistacitrico.com\/wp-content\/uploads\/2026\/03\/online-course54.png\u00bb background_size=\u00bbcontain\u00bb background_position=\u00bbtop_center\u00bb background_repeat=\u00bbrepeat-x\u00bb saved_tabs=\u00bball\u00bb collapsed=\u00bbon\u00bb global_colors_info=\u00bb{}\u00bb][et_pb_row _builder_version=\u00bb4.17.1&#8243; _module_preset=\u00bbdefault\u00bb global_colors_info=\u00bb{}\u00bb][et_pb_column type=\u00bb4_4&#8243; _builder_version=\u00bb4.17.1&#8243; _module_preset=\u00bbdefault\u00bb custom_padding_tablet=\u00bb||30px||false|false\u00bb custom_padding_phone=\u00bb\u00bb custom_padding_last_edited=\u00bbon|tablet\u00bb global_colors_info=\u00bb{}\u00bb][et_pb_text _builder_version=\u00bb4.21.0&#8243; _module_preset=\u00bb1f09816e-184e-4ce5-a4cf-b39c52c423ca\u00bb text_font=\u00bbMukta|500|||||||\u00bb text_text_color=\u00bb#FFFFFF\u00bb text_font_size=\u00bb16px\u00bb text_line_height=\u00bb1.4em\u00bb hover_enabled=\u00bb0&#8243; text_font_size_tablet=\u00bb14px\u00bb text_font_size_phone=\u00bb14px\u00bb text_font_size_last_edited=\u00bbon|desktop\u00bb header_font_size_tablet=\u00bb55px\u00bb header_font_size_last_edited=\u00bboff|desktop\u00bb global_colors_info=\u00bb{}\u00bb sticky_enabled=\u00bb0&#8243;]<\/p>\n<p style=\"text-align: justify;\"><span style=\"font-weight: 400;\">Peque\u00f1as part\u00edculas brillantes flotaban como polvo de estrellas.<\/span><br \/><span style=\"font-weight: 400;\">Frente a ellos se extend\u00eda la Ciudad de la Luna.<\/span><br \/><span style=\"font-weight: 400;\">Edificios hechos de cristal luminoso se elevaban hacia el cielo oscuro. C\u00fapulas transparentes cubr\u00edan jardines con plantas plateadas. Peque\u00f1as criaturas con trajes espaciales caminaban tranquilamente.<\/span><br \/><span style=\"font-weight: 400;\">Una de ellas se acerc\u00f3.<\/span><br \/><span style=\"font-weight: 400;\"><\/span><\/p>\n<p style=\"text-align: justify;\"><span style=\"font-weight: 400;\">Ten\u00eda ojos grandes y un casco brillante.<\/span><br \/><span style=\"font-weight: 400;\">\u2014Bienvenidos, exploradores \u2014dijo con voz suave.<\/span><br \/><span style=\"font-weight: 400;\">Leo mir\u00f3 a Mila.<\/span><br \/><span style=\"font-weight: 400;\">\u2014Esto no es un sue\u00f1o, \u00bfverdad?<\/span><br \/><span style=\"font-weight: 400;\">\u2014No \u2014respondi\u00f3 ella, sonriendo\u2014. Es mucho mejor.<\/span><br \/><span style=\"font-weight: 400;\"><\/span><\/p>\n<p style=\"text-align: justify;\"><span style=\"font-weight: 400;\">Pero en ese mismo instante, una de las torres comenz\u00f3 a parpadear, luego otra y otra.\u00a0<\/span><span style=\"font-weight: 400;\">Las luces de la ciudad titilaron como si alguien estuviera apagando un interruptor gigante.<\/span><\/p>\n<p style=\"text-align: justify;\"><span style=\"font-weight: 400;\">Un sonido profundo retumb\u00f3 bajo el suelo.<\/span><br \/><span style=\"font-weight: 400;\">\u2014Advertencia \u2014dijo Tiko\u2014. Energ\u00eda lunar descendiendo r\u00e1pidamente.<\/span><br \/><span style=\"font-weight: 400;\">Las peque\u00f1as criaturas comenzaron a correr nerviosas.<\/span><br \/><span style=\"font-weight: 400;\">\u2014\u00bfQu\u00e9 est\u00e1 pasando? \u2014pregunt\u00f3 Leo.<\/span><br \/><span style=\"font-weight: 400;\">La criatura que los recibi\u00f3 habl\u00f3 con urgencia.<\/span><\/p>\n<p style=\"text-align: justify;\"><span style=\"font-weight: 400;\">\u2014El Cristal Central\u2026 su energ\u00eda est\u00e1 desapareciendo.<\/span><br \/><span style=\"font-weight: 400;\">De repente, una sombra enorme cruz\u00f3 el horizonte.<\/span><br \/><span style=\"font-weight: 400;\">Un movimiento gigante entre los cr\u00e1teres lejanos.<\/span><br \/><span style=\"font-weight: 400;\">Leo trag\u00f3 saliva.<\/span><\/p>\n<p style=\"text-align: justify;\"><span style=\"font-weight: 400;\">\u2014Creo que nuestra aventura\u2026 acaba de empezar.<\/span><br \/><span style=\"font-weight: 400;\">Y mientras la ciudad se sum\u00eda lentamente en la oscuridad, los tres amigos entendieron algo:<\/span><br \/><span style=\"font-weight: 400;\">No hab\u00edan venido solo a explorar.<\/span><br \/><span style=\"font-weight: 400;\">Hab\u00edan venido a salvar la Ciudad de la Luna.<\/span><\/p>\n<p>[\/et_pb_text][\/et_pb_column][\/et_pb_row][\/et_pb_section]<\/p>\n","protected":false},"excerpt":{"rendered":"<p>Cap\u00edtulo 1La Se\u00f1al en el CieloLeo siempre hab\u00eda sentido que no pertenec\u00eda solo a la Tierra. Mientras otros ni\u00f1os so\u00f1aban con videojuegos o bicicletas nuevas, \u00e9l so\u00f1aba con constelaciones, galaxias lejanas y viajes imposibles. Ten\u00eda una libreta llena de dibujos de cohetes con alas enormes, ciudades flotando entre estrellas y criaturas espaciales con ojos brillantes. [&hellip;]<\/p>\n","protected":false},"author":1,"featured_media":0,"parent":0,"menu_order":0,"comment_status":"closed","ping_status":"closed","template":"","meta":{"_et_pb_use_builder":"on","_et_pb_old_content":"","_et_gb_content_width":"","footnotes":""},"class_list":["post-44","page","type-page","status-publish","hentry"],"_links":{"self":[{"href":"https:\/\/viajemagicoalaluna.revistacitrico.com\/index.php\/wp-json\/wp\/v2\/pages\/44","targetHints":{"allow":["GET"]}}],"collection":[{"href":"https:\/\/viajemagicoalaluna.revistacitrico.com\/index.php\/wp-json\/wp\/v2\/pages"}],"about":[{"href":"https:\/\/viajemagicoalaluna.revistacitrico.com\/index.php\/wp-json\/wp\/v2\/types\/page"}],"author":[{"embeddable":true,"href":"https:\/\/viajemagicoalaluna.revistacitrico.com\/index.php\/wp-json\/wp\/v2\/users\/1"}],"replies":[{"embeddable":true,"href":"https:\/\/viajemagicoalaluna.revistacitrico.com\/index.php\/wp-json\/wp\/v2\/comments?post=44"}],"version-history":[{"count":3,"href":"https:\/\/viajemagicoalaluna.revistacitrico.com\/index.php\/wp-json\/wp\/v2\/pages\/44\/revisions"}],"predecessor-version":[{"id":112,"href":"https:\/\/viajemagicoalaluna.revistacitrico.com\/index.php\/wp-json\/wp\/v2\/pages\/44\/revisions\/112"}],"wp:attachment":[{"href":"https:\/\/viajemagicoalaluna.revistacitrico.com\/index.php\/wp-json\/wp\/v2\/media?parent=44"}],"curies":[{"name":"wp","href":"https:\/\/api.w.org\/{rel}","templated":true}]}}