{"id":69,"date":"2026-03-15T00:31:43","date_gmt":"2026-03-15T00:31:43","guid":{"rendered":"https:\/\/viajemagicoalaluna.revistacitrico.com\/?page_id=69"},"modified":"2026-04-18T01:45:47","modified_gmt":"2026-04-18T01:45:47","slug":"capitulo-3","status":"publish","type":"page","link":"https:\/\/viajemagicoalaluna.revistacitrico.com\/index.php\/capitulo-3\/","title":{"rendered":"Cap\u00edtulo 3"},"content":{"rendered":"<p>[et_pb_section fb_built=\u00bb1&#8243; admin_label=\u00bbFooter\u00bb _builder_version=\u00bb4.17.3&#8243; _module_preset=\u00bbdefault\u00bb background_color=\u00bb#000000&#8243; use_background_color_gradient=\u00bbon\u00bb background_color_gradient_stops=\u00bbrgba(0,0,0,0.2) 0%|#000000 90%\u00bb background_color_gradient_overlays_image=\u00bbon\u00bb background_image=\u00bbhttps:\/\/viajemagicoalaluna.revistacitrico.com\/wp-content\/uploads\/2026\/03\/online-course54.png\u00bb background_size=\u00bbcontain\u00bb background_position=\u00bbtop_center\u00bb background_repeat=\u00bbrepeat-x\u00bb saved_tabs=\u00bball\u00bb collapsed=\u00bbon\u00bb global_colors_info=\u00bb{}\u00bb][et_pb_row custom_padding_last_edited=\u00bbon|tablet\u00bb _builder_version=\u00bb4.17.1&#8243; _module_preset=\u00bbdefault\u00bb custom_padding=\u00bb|400px|||false|false\u00bb custom_padding_tablet=\u00bb|0px|||false|false\u00bb custom_padding_phone=\u00bb\u00bb global_colors_info=\u00bb{}\u00bb][et_pb_column type=\u00bb4_4&#8243; _builder_version=\u00bb4.17.0&#8243; _module_preset=\u00bbdefault\u00bb global_colors_info=\u00bb{}\u00bb][et_pb_text _builder_version=\u00bb4.21.0&#8243; _module_preset=\u00bbb327cbe4-b1d5-4b66-ad37-40c8f2f061ba\u00bb header_2_font=\u00bbPT Sans|700|||||||\u00bb header_2_text_color=\u00bb#12D678&#8243; header_2_font_size=\u00bb48px\u00bb header_2_line_height=\u00bb1.35em\u00bb custom_margin=\u00bb||0px||false|false\u00bb header_2_font_size_tablet=\u00bb30px\u00bb header_2_font_size_phone=\u00bb22px\u00bb header_2_font_size_last_edited=\u00bbon|phone\u00bb global_colors_info=\u00bb{}\u00bb]<\/p>\n<h2><b>La Luz que Vive en el Interior<\/b><\/h2>\n<p>[\/et_pb_text][\/et_pb_column][\/et_pb_row][et_pb_row _builder_version=\u00bb4.17.1&#8243; _module_preset=\u00bbdefault\u00bb global_colors_info=\u00bb{}\u00bb][et_pb_column type=\u00bb4_4&#8243; _builder_version=\u00bb4.17.1&#8243; _module_preset=\u00bbdefault\u00bb custom_padding_tablet=\u00bb||30px||false|false\u00bb custom_padding_phone=\u00bb\u00bb custom_padding_last_edited=\u00bbon|tablet\u00bb global_colors_info=\u00bb{}\u00bb][et_pb_text _builder_version=\u00bb4.21.0&#8243; _module_preset=\u00bb1f09816e-184e-4ce5-a4cf-b39c52c423ca\u00bb text_font=\u00bbMukta|500|||||||\u00bb text_text_color=\u00bb#FFFFFF\u00bb text_font_size=\u00bb16px\u00bb text_line_height=\u00bb1.4em\u00bb hover_enabled=\u00bb0&#8243; text_font_size_tablet=\u00bb14px\u00bb text_font_size_phone=\u00bb14px\u00bb text_font_size_last_edited=\u00bbon|desktop\u00bb header_font_size_tablet=\u00bb55px\u00bb header_font_size_last_edited=\u00bboff|desktop\u00bb global_colors_info=\u00bb{}\u00bb sticky_enabled=\u00bb0&#8243;]<\/p>\n<p style=\"text-align: justify;\"><span style=\"font-weight: 400;\">La cueva vibraba como si tuviera un coraz\u00f3n propio.<\/span><br \/><span style=\"font-weight: 400;\">El Cristal Central flotaba en el aire, agrietado, lanzando destellos irregulares de energ\u00eda que iluminaban las paredes con tonos rojos y azules. Cada chispa que escapaba parec\u00eda llevarse un poco de la vida de la ciudad.<\/span><\/p>\n<p style=\"text-align: justify;\"><span style=\"font-weight: 400;\">El gigante de roca permanec\u00eda en silencio frente a la entrada, observando.<\/span><br \/><span style=\"font-weight: 400;\">Leo trag\u00f3 saliva.<\/span><br \/><span style=\"font-weight: 400;\">\u2014Nunca hab\u00eda visto algo tan poderoso\u2026 ni tan inestable.<\/span><br \/><span style=\"font-weight: 400;\">Tiko proyect\u00f3 datos en el aire.<\/span><br \/><span style=\"font-weight: 400;\">\u2014Nivel de fractura: 63%. Si supera el 80%, el colapso energ\u00e9tico ser\u00e1 irreversible.<\/span><br \/><span style=\"font-weight: 400;\">\u2014\u00bfCu\u00e1nto tiempo tenemos? \u2014pregunt\u00f3 Mila.<\/span><\/p>\n<p style=\"text-align: justify;\"><span style=\"font-weight: 400;\">\u2014Aproximadamente\u2026 doce minutos lunares.<\/span><br \/><span style=\"font-weight: 400;\">\u2014\u00bfEso cu\u00e1nto es? \u2014dijo Leo.<\/span><br \/><span style=\"font-weight: 400;\">\u2014Muy poco \u2014respondi\u00f3 Mila.<\/span><br \/><span style=\"font-weight: 400;\">Se acercaron al cristal. De cerca, pod\u00edan ver que no era solo una roca brillante. Dentro hab\u00eda algo que se mov\u00eda, como una peque\u00f1a galaxia girando lentamente.<\/span><br \/><span style=\"font-weight: 400;\">\u2014Es hermoso \u2014susurr\u00f3 Leo.<\/span><br \/><span style=\"font-weight: 400;\">\u2014Y est\u00e1 muriendo \u2014a\u00f1adi\u00f3 Mila con seriedad.<\/span><\/p>\n<p style=\"text-align: justify;\"><span style=\"font-weight: 400;\">El gigante dio un paso adelante. Su pecho tambi\u00e9n brillaba con una luz cada vez m\u00e1s d\u00e9bil.<\/span><br \/><span style=\"font-weight: 400;\">Tiko inclin\u00f3 la cabeza.<\/span><br \/><span style=\"font-weight: 400;\">\u2014Confirmado: la energ\u00eda del gigante y la del cristal son la misma fuente dividida.<\/span><br \/><span style=\"font-weight: 400;\">Leo entendi\u00f3 de repente.<\/span><br \/><span style=\"font-weight: 400;\">\u2014Entonces\u2026 el cristal no es solo una bater\u00eda. Es parte de \u00e9l.<\/span><\/p>\n<p style=\"text-align: justify;\"><span style=\"font-weight: 400;\">Mila asinti\u00f3.<\/span><br \/><span style=\"font-weight: 400;\">\u2014Y cuando alguien intent\u00f3 separarlos o usar m\u00e1s energ\u00eda de la que pod\u00edan, se fractur\u00f3.<\/span><br \/><span style=\"font-weight: 400;\">El suelo volvi\u00f3 a temblar.<\/span><br \/><span style=\"font-weight: 400;\">Desde el techo de la cueva comenzaron a caer peque\u00f1as piedras.<\/span><br \/><span style=\"font-weight: 400;\">\u2014Tiempo restante: diez minutos lunares.<\/span><\/p>\n<p style=\"text-align: justify;\"><span style=\"font-weight: 400;\">Mila comenz\u00f3 a revisar su cintur\u00f3n de herramientas.<\/span><br \/><span style=\"font-weight: 400;\">\u2014Necesitamos estabilizar la grieta\u2026 pero no podemos cerrarla desde afuera.<\/span><br \/><span style=\"font-weight: 400;\">Leo la mir\u00f3 confundido.<\/span><br \/><span style=\"font-weight: 400;\">\u2014\u00bfQu\u00e9 quieres decir?<\/span><br \/><span style=\"font-weight: 400;\">Ella levant\u00f3 la vista hacia el interior luminoso del cristal.<\/span><br \/><span style=\"font-weight: 400;\">\u2014Alguien tiene que entrar.<\/span><br \/><span style=\"font-weight: 400;\">Silencio.<\/span><\/p>\n<p style=\"text-align: justify;\"><span style=\"font-weight: 400;\">Leo abri\u00f3 los ojos.<\/span><br \/><span style=\"font-weight: 400;\">\u2014\u00bfEntrar? \u00bfAh\u00ed dentro?<\/span><br \/><span style=\"font-weight: 400;\">Tiko proyect\u00f3 una simulaci\u00f3n.<\/span><br \/><span style=\"font-weight: 400;\">El interior del cristal era un espacio energ\u00e9tico, como un t\u00fanel de luz girando a gran velocidad.<\/span><br \/><span style=\"font-weight: 400;\">\u2014Riesgo extremadamente alto \u2014anunci\u00f3 el robot.<\/span><\/p>\n<p style=\"text-align: justify;\"><span style=\"font-weight: 400;\">El gigante rugi\u00f3 suavemente, como si entendiera el peligro.<\/span><br \/><span style=\"font-weight: 400;\">Mila respir\u00f3 hondo.<\/span><br \/><span style=\"font-weight: 400;\">\u2014Si alineamos la energ\u00eda interna desde el n\u00facleo, la grieta puede cerrarse sola.<\/span><br \/><span style=\"font-weight: 400;\">Leo mir\u00f3 el cristal\u2026 luego mir\u00f3 a Mila.<\/span><br \/><span style=\"font-weight: 400;\">\u2014Yo entro.<\/span><br \/><span style=\"font-weight: 400;\">\u2014\u00a1No! \u2014dijo ella inmediatamente.<\/span><br \/><span style=\"font-weight: 400;\">\u2014Soy m\u00e1s ligero \u2014respondi\u00f3 Leo\u2014. Y siempre quise explorar algo incre\u00edble.<\/span><\/p>\n<p style=\"text-align: justify;\"><span style=\"font-weight: 400;\">Tiko analiz\u00f3 r\u00e1pidamente.<\/span><br \/><span style=\"font-weight: 400;\">\u2014Masa corporal compatible. Probabilidad de \u00e9xito: 41%.<\/span><br \/><span style=\"font-weight: 400;\">\u2014Eso no es muy alentador \u2014murmur\u00f3 Leo.<\/span><br \/><span style=\"font-weight: 400;\">El gigante se inclin\u00f3 ligeramente, como si quisiera impedirlo.<\/span><br \/><span style=\"font-weight: 400;\">Leo se acerc\u00f3 a \u00e9l.<\/span><br \/><span style=\"font-weight: 400;\">\u2014Conf\u00eda en m\u00ed. No quiero hacerte da\u00f1o.<\/span><\/p>\n<p style=\"text-align: justify;\"><span style=\"font-weight: 400;\">El brillo en el pecho del gigante parpade\u00f3 m\u00e1s fuerte por un segundo.<\/span><br \/><span style=\"font-weight: 400;\">Mila ajust\u00f3 un peque\u00f1o dispositivo en el traje espacial de Leo.<\/span><br \/><span style=\"font-weight: 400;\">\u2014Esto te permitir\u00e1 comunicarte con nosotros desde dentro\u2026 si la energ\u00eda no interfiere.<\/span><\/p>\n<p style=\"text-align: justify;\"><span style=\"font-weight: 400;\">Leo sonri\u00f3 nervioso.<\/span><br \/><span style=\"font-weight: 400;\">\u2014Si no vuelvo\u2026<\/span><br \/><span style=\"font-weight: 400;\">\u2014Vas a volver \u2014lo interrumpi\u00f3 Mila con firmeza.<\/span><br \/><span style=\"font-weight: 400;\">El suelo volvi\u00f3 a temblar con m\u00e1s violencia.<\/span><br \/><span style=\"font-weight: 400;\">\u2014Tiempo restante: seis minutos lunares.<\/span><br \/><span style=\"font-weight: 400;\">Leo respir\u00f3 profundo.<\/span><br \/><span style=\"font-weight: 400;\">\u2014Bueno\u2026 aqu\u00ed vamos.<\/span><\/p>\n<p style=\"text-align: justify;\"><span style=\"font-weight: 400;\">Se acerc\u00f3 al cristal. El aire vibraba a su alrededor.<\/span><br \/><span style=\"font-weight: 400;\">Cuando toc\u00f3 la superficie brillante, no sinti\u00f3 fr\u00edo ni calor\u2026 sino una sensaci\u00f3n el\u00e9ctrica que recorri\u00f3 todo su cuerpo.<\/span><br \/><span style=\"font-weight: 400;\">Y entonces, fue absorbido por la luz.<\/span><\/p>\n<p><span style=\"font-weight: 400;\">Dentro del cristal, todo era movimiento.<\/span><br \/><span style=\"font-weight: 400;\">Corrientes de energ\u00eda giraban como r\u00edos luminosos. Fragmentos flotaban en desorden, chocando entre s\u00ed.<\/span><br \/><span style=\"font-weight: 400;\">\u2014\u00a1\u00bfLeo?! \u2014escuch\u00f3 la voz de Mila en el comunicador, distorsionada.<\/span><br \/><span style=\"font-weight: 400;\">\u2014Estoy\u2026 estoy dentro.<\/span><br \/><span style=\"font-weight: 400;\">Tiko proyectaba instrucciones desde afuera.<\/span><br \/><span style=\"font-weight: 400;\">\u2014Debes llegar al n\u00facleo central. Es el punto donde convergen todas las l\u00edneas de energ\u00eda.<\/span><\/p>\n<p style=\"text-align: justify;\"><span style=\"font-weight: 400;\">Leo comenz\u00f3 a avanzar, flotando entre corrientes brillantes.<\/span><br \/><span style=\"font-weight: 400;\">Cada vez que tocaba un fragmento desalineado, una descarga lo sacud\u00eda.<\/span><br \/><span style=\"font-weight: 400;\">\u2014\u00a1Eso duele! \u2014exclam\u00f3.<\/span><br \/><span style=\"font-weight: 400;\">\u2014Ten cuidado \u2014respondi\u00f3 Mila\u2014. No luches contra la energ\u00eda. Mu\u00e9vete con ella.<\/span><br \/><span style=\"font-weight: 400;\">Leo respir\u00f3 profundo y dej\u00f3 que la corriente lo guiara.<\/span><\/p>\n<p style=\"text-align: justify;\"><span style=\"font-weight: 400;\">Poco a poco entendi\u00f3 el patr\u00f3n. La energ\u00eda no estaba rota\u2026 estaba desordenada.<\/span><br \/><span style=\"font-weight: 400;\">En el centro vio algo m\u00e1s oscuro: el n\u00facleo.<\/span><br \/><span style=\"font-weight: 400;\">Pero una grieta gigante lo atravesaba, dividiendo la luz en dos.<\/span><\/p>\n<p style=\"text-align: justify;\"><span style=\"font-weight: 400;\">\u2014Lo veo \u2014dijo Leo.<\/span><br \/><span style=\"font-weight: 400;\">Desde afuera, el gigante rugi\u00f3 con fuerza. Su pecho brillaba intermitente.<\/span><br \/><span style=\"font-weight: 400;\">\u2014Tiempo restante: tres minutos lunares.<\/span><br \/><span style=\"font-weight: 400;\">\u2014Leo, debes unir las corrientes del lado izquierdo con el derecho \u2014dijo Mila r\u00e1pidamente\u2014. Si sincronizas el pulso, el n\u00facleo se estabilizar\u00e1.<\/span><\/p>\n<p style=\"text-align: justify;\"><span style=\"font-weight: 400;\">Leo extendi\u00f3 las manos, l<\/span><span style=\"font-weight: 400;\">a energ\u00eda lo envolvi\u00f3, s<\/span><span style=\"font-weight: 400;\">inti\u00f3 miedo p<\/span><span style=\"font-weight: 400;\">ero tambi\u00e9n sinti\u00f3 algo m\u00e1s, u<\/span><span style=\"font-weight: 400;\">na conexi\u00f3n, c<\/span><span style=\"font-weight: 400;\">omo si el cristal estuviera vivo.<\/span><br \/><span style=\"font-weight: 400;\">\u2014No quiero da\u00f1arte \u2014susurr\u00f3.<\/span><br \/><span style=\"font-weight: 400;\">El n\u00facleo respondi\u00f3 con un pulso suave.<\/span><br \/><span style=\"font-weight: 400;\">Leo aline\u00f3 las corrientes con cuidado, gui\u00e1ndolas hacia el centro.<\/span><\/p>\n<p style=\"text-align: justify;\"><span style=\"font-weight: 400;\">Una chispa gigante explot\u00f3 d<\/span><span style=\"font-weight: 400;\">esde afuera, una onda de energ\u00eda sacudi\u00f3 la cueva.<\/span><br \/><span style=\"font-weight: 400;\">Mila cay\u00f3 al suelo.<\/span><br \/><span style=\"font-weight: 400;\">\u2014\u00a1Leo!<\/span><br \/><span style=\"font-weight: 400;\">Dentro, la grieta comenz\u00f3 a cerrarse lentamente.<\/span><br \/><span style=\"font-weight: 400;\">\u2014\u00a1Lo estoy logrando! \u2014grit\u00f3 Leo.<\/span><br \/><span style=\"font-weight: 400;\">Pero una \u00faltima fractura se abri\u00f3 con violencia.<\/span><br \/><span style=\"font-weight: 400;\">\u2014\u00a1No!<\/span><br \/><span style=\"font-weight: 400;\">La energ\u00eda lo lanz\u00f3 hacia atr\u00e1s.<\/span><br \/><span style=\"font-weight: 400;\">\u2014Tiempo restante: treinta segundos lunares.<\/span><\/p>\n<p style=\"text-align: justify;\"><span style=\"font-weight: 400;\">El gigante dio un rugido desesperado.<\/span><br \/><span style=\"font-weight: 400;\">Leo mir\u00f3 la grieta final.<\/span><br \/><span style=\"font-weight: 400;\">Sab\u00eda que no pod\u00eda cerrarla solo con las manos. <\/span><span style=\"font-weight: 400;\">Entonces hizo algo diferente, a<\/span><span style=\"font-weight: 400;\">poy\u00f3 la frente contra el n\u00facleo.<\/span><br \/><span style=\"font-weight: 400;\">\u2014Comparte tu energ\u00eda conmigo.<\/span><br \/><span style=\"font-weight: 400;\">Por un instante, todo qued\u00f3 en silencio.<\/span><br \/><span style=\"font-weight: 400;\">Luego, una luz intensa envolvi\u00f3 a Leo y al cristal.<\/span><\/p>\n<p style=\"text-align: justify;\"><span style=\"font-weight: 400;\">Desde afuera, Mila vio c\u00f3mo la grieta se cerraba por completo.<\/span><br \/><span style=\"font-weight: 400;\">El cristal brill\u00f3 como un peque\u00f1o sol.<\/span><br \/><span style=\"font-weight: 400;\">Y el pecho del gigante se ilumin\u00f3 con una fuerza nunca antes vista.<\/span><\/p>\n<p style=\"text-align: justify;\"><span style=\"font-weight: 400;\">Una explosi\u00f3n de luz recorri\u00f3 toda la Ciudad de la Luna. <\/span><span style=\"font-weight: 400;\">Las torres volvieron a encenderse.<\/span><br \/><span style=\"font-weight: 400;\">Los caminos brillaron.<\/span><br \/><span style=\"font-weight: 400;\">La energ\u00eda regres\u00f3.<\/span><br \/><span style=\"font-weight: 400;\">Dentro del cristal, Leo fue expulsado suavemente hacia afuera.<\/span><br \/><span style=\"font-weight: 400;\">Cay\u00f3 en brazos del gigante, que lo sostuvo con cuidado.<\/span><\/p>\n<p style=\"text-align: justify;\"><span style=\"font-weight: 400;\">\u2014\u00a1Leo! \u2014grit\u00f3 Mila corriendo hacia \u00e9l.<\/span><br \/><span style=\"font-weight: 400;\">Leo abri\u00f3 los ojos lentamente.<\/span><br \/><span style=\"font-weight: 400;\">\u2014Creo\u2026 que funcion\u00f3.<\/span><br \/><span style=\"font-weight: 400;\">Tiko confirm\u00f3:<\/span><br \/><span style=\"font-weight: 400;\">\u2014Nivel de energ\u00eda restaurado al 100%.<\/span><br \/><span style=\"font-weight: 400;\">La cueva ya no temblaba.<\/span><br \/><span style=\"font-weight: 400;\">El cristal flotaba intacto.<\/span><br \/><span style=\"font-weight: 400;\">Y el gigante, ahora brillante y estable, miraba a los tres amigos con algo nuevo en sus ojos ardientes, g<\/span><span style=\"font-weight: 400;\">ratitud.<\/span><\/p>\n<p style=\"text-align: justify;\"><span style=\"font-weight: 400;\">Pero a\u00fan quedaba algo por descubrir.<\/span><br \/><span style=\"font-weight: 400;\">\u00bfPor qu\u00e9 el cristal se hab\u00eda fracturado en primer lugar?<\/span><br \/><span style=\"font-weight: 400;\">Y\u2026 \u00bfqui\u00e9n lo hab\u00eda alterado?<\/span><br \/><span style=\"font-weight: 400;\">Porque mientras la ciudad celebraba su regreso a la luz\u2026 una peque\u00f1a sombra observaba desde lo alto de una torre lejana.<\/span><br \/><span style=\"font-weight: 400;\">Y no parec\u00eda feliz.<\/span><\/p>\n<p>[\/et_pb_text][\/et_pb_column][\/et_pb_row][\/et_pb_section]<\/p>\n","protected":false},"excerpt":{"rendered":"<p>La Luz que Vive en el InteriorLa cueva vibraba como si tuviera un coraz\u00f3n propio.El Cristal Central flotaba en el aire, agrietado, lanzando destellos irregulares de energ\u00eda que iluminaban las paredes con tonos rojos y azules. Cada chispa que escapaba parec\u00eda llevarse un poco de la vida de la ciudad. El gigante de roca permanec\u00eda [&hellip;]<\/p>\n","protected":false},"author":1,"featured_media":0,"parent":0,"menu_order":0,"comment_status":"closed","ping_status":"closed","template":"","meta":{"_et_pb_use_builder":"on","_et_pb_old_content":"","_et_gb_content_width":"","footnotes":""},"class_list":["post-69","page","type-page","status-publish","hentry"],"_links":{"self":[{"href":"https:\/\/viajemagicoalaluna.revistacitrico.com\/index.php\/wp-json\/wp\/v2\/pages\/69","targetHints":{"allow":["GET"]}}],"collection":[{"href":"https:\/\/viajemagicoalaluna.revistacitrico.com\/index.php\/wp-json\/wp\/v2\/pages"}],"about":[{"href":"https:\/\/viajemagicoalaluna.revistacitrico.com\/index.php\/wp-json\/wp\/v2\/types\/page"}],"author":[{"embeddable":true,"href":"https:\/\/viajemagicoalaluna.revistacitrico.com\/index.php\/wp-json\/wp\/v2\/users\/1"}],"replies":[{"embeddable":true,"href":"https:\/\/viajemagicoalaluna.revistacitrico.com\/index.php\/wp-json\/wp\/v2\/comments?post=69"}],"version-history":[{"count":3,"href":"https:\/\/viajemagicoalaluna.revistacitrico.com\/index.php\/wp-json\/wp\/v2\/pages\/69\/revisions"}],"predecessor-version":[{"id":115,"href":"https:\/\/viajemagicoalaluna.revistacitrico.com\/index.php\/wp-json\/wp\/v2\/pages\/69\/revisions\/115"}],"wp:attachment":[{"href":"https:\/\/viajemagicoalaluna.revistacitrico.com\/index.php\/wp-json\/wp\/v2\/media?parent=69"}],"curies":[{"name":"wp","href":"https:\/\/api.w.org\/{rel}","templated":true}]}}