{"id":73,"date":"2026-03-15T00:55:34","date_gmt":"2026-03-15T00:55:34","guid":{"rendered":"https:\/\/viajemagicoalaluna.revistacitrico.com\/?page_id=73"},"modified":"2026-04-18T01:51:17","modified_gmt":"2026-04-18T01:51:17","slug":"capitulo-4","status":"publish","type":"page","link":"https:\/\/viajemagicoalaluna.revistacitrico.com\/index.php\/capitulo-4\/","title":{"rendered":"Cap\u00edtulo 4"},"content":{"rendered":"<p>[et_pb_section fb_built=\u00bb1&#8243; admin_label=\u00bbHeader\u00bb _builder_version=\u00bb4.17.3&#8243; _module_preset=\u00bbdefault\u00bb background_color=\u00bb#131517&#8243; custom_padding=\u00bb||||false|false\u00bb collapsed=\u00bbon\u00bb global_colors_info=\u00bb{}\u00bb][et_pb_row column_structure=\u00bb1_2,1_2&#8243; custom_padding_last_edited=\u00bboff|desktop\u00bb _builder_version=\u00bb4.17.3&#8243; _module_preset=\u00bbdefault\u00bb custom_padding_tablet=\u00bb||||false|false\u00bb custom_padding_phone=\u00bb||||false|false\u00bb global_colors_info=\u00bb{}\u00bb][et_pb_column type=\u00bb1_2&#8243; _builder_version=\u00bb4.17.3&#8243; _module_preset=\u00bbdefault\u00bb custom_padding=\u00bb||||false|false\u00bb custom_padding_phone=\u00bb||||false|false\u00bb custom_padding_last_edited=\u00bboff|tablet\u00bb global_colors_info=\u00bb{}\u00bb][et_pb_divider show_divider=\u00bboff\u00bb admin_label=\u00bbDivider\u00bb _builder_version=\u00bb4.17.3&#8243; _module_preset=\u00bbdefault\u00bb positioning=\u00bbabsolute\u00bb position_origin_a=\u00bbbottom_center\u00bb width=\u00bb100%\u00bb max_width=\u00bb500px\u00bb height=\u00bb15vw\u00bb height_tablet=\u00bb40vw\u00bb height_phone=\u00bb40vw\u00bb height_last_edited=\u00bbon|tablet\u00bb custom_margin=\u00bb||-3vw||false|false\u00bb custom_margin_tablet=\u00bb||-4.5vw||false|false\u00bb custom_margin_phone=\u00bb||||false|false\u00bb custom_margin_last_edited=\u00bbon|tablet\u00bb custom_padding=\u00bb||||false|false\u00bb border_radii=\u00bboff|||400px|400px\u00bb border_width_bottom=\u00bb1px\u00bb border_color_bottom=\u00bbrgba(18,214,120,0.4)\u00bb locked=\u00bboff\u00bb global_colors_info=\u00bb{}\u00bb][\/et_pb_divider][et_pb_image src=\u00bbhttps:\/\/viajemagicoalaluna.revistacitrico.com\/wp-content\/uploads\/2026\/03\/WhatsApp-Image-2026-03-14-at-16.51.02-1.jpeg\u00bb title_text=\u00bbWhatsApp Image 2026-03-14 at 16.51.02 (1)\u00bb show_bottom_space=\u00bboff\u00bb _builder_version=\u00bb4.21.0&#8243; _module_preset=\u00bbdefault\u00bb position_origin_a=\u00bbbottom_center\u00bb position_origin_a_tablet=\u00bbbottom_center\u00bb position_origin_a_phone=\u00bbbottom_center\u00bb position_origin_a_last_edited=\u00bboff|desktop\u00bb position_origin_f_last_edited=\u00bboff|desktop\u00bb position_origin_r_last_edited=\u00bboff|desktop\u00bb width_last_edited=\u00bboff|phone\u00bb max_height_tablet=\u00bb400px\u00bb max_height_phone=\u00bb400px\u00bb max_height_last_edited=\u00bbon|tablet\u00bb custom_margin_tablet=\u00bb||||false|false\u00bb custom_margin_phone=\u00bb||||false|false\u00bb custom_margin_last_edited=\u00bboff|desktop\u00bb custom_padding=\u00bb||||false|false\u00bb positioning_tablet=\u00bbabsolute\u00bb positioning_phone=\u00bbabsolute\u00bb positioning_last_edited=\u00bboff|desktop\u00bb border_radii=\u00bboff|||400px|400px\u00bb border_width_all=\u00bb1px\u00bb border_color_all=\u00bb#12D678&#8243; box_shadow_style=\u00bbpreset3&#8243; box_shadow_blur=\u00bb100px\u00bb box_shadow_spread=\u00bb10px\u00bb box_shadow_color=\u00bbrgba(18,214,120,0.2)\u00bb global_colors_info=\u00bb{}\u00bb][\/et_pb_image][et_pb_divider show_divider=\u00bboff\u00bb _builder_version=\u00bb4.17.3&#8243; _module_preset=\u00bbdefault\u00bb positioning=\u00bbabsolute\u00bb position_origin_a=\u00bbbottom_center\u00bb width=\u00bb100%\u00bb max_width=\u00bb500px\u00bb height=\u00bb15vw\u00bb height_tablet=\u00bb40vw\u00bb height_phone=\u00bb40vw\u00bb height_last_edited=\u00bbon|tablet\u00bb custom_margin=\u00bb||-2vw||false|false\u00bb custom_margin_tablet=\u00bb||-3vw||false|false\u00bb custom_margin_phone=\u00bb||||false|false\u00bb custom_margin_last_edited=\u00bbon|tablet\u00bb custom_padding=\u00bb||||false|false\u00bb border_radii=\u00bboff|||400px|400px\u00bb border_width_bottom=\u00bb1px\u00bb border_color_bottom=\u00bbrgba(18,214,120,0.6)\u00bb locked=\u00bboff\u00bb global_colors_info=\u00bb{}\u00bb][\/et_pb_divider][et_pb_divider show_divider=\u00bboff\u00bb _builder_version=\u00bb4.17.3&#8243; _module_preset=\u00bbdefault\u00bb positioning=\u00bbabsolute\u00bb position_origin_a=\u00bbbottom_center\u00bb width=\u00bb100%\u00bb width_last_edited=\u00bboff|desktop\u00bb max_width=\u00bb500px\u00bb height=\u00bb15vw\u00bb height_tablet=\u00bb40vw\u00bb height_phone=\u00bb40vw\u00bb height_last_edited=\u00bbon|tablet\u00bb custom_margin=\u00bb||-1vw||false|false\u00bb custom_margin_tablet=\u00bb||-1.5vw||false|false\u00bb custom_margin_phone=\u00bb||||false|false\u00bb custom_margin_last_edited=\u00bbon|tablet\u00bb custom_padding=\u00bb||||false|false\u00bb border_radii=\u00bboff|||400px|400px\u00bb border_width_bottom=\u00bb1px\u00bb border_color_bottom=\u00bbrgba(18,214,120,0.8)\u00bb locked=\u00bboff\u00bb global_colors_info=\u00bb{}\u00bb width__hover_enabled=\u00bboff|desktop\u00bb][\/et_pb_divider][\/et_pb_column][et_pb_column type=\u00bb1_2&#8243; _builder_version=\u00bb4.17.3&#8243; _module_preset=\u00bbdefault\u00bb custom_padding=\u00bb19%||||false|false\u00bb custom_padding_tablet=\u00bb30px||||false|false\u00bb custom_padding_phone=\u00bb30px||||false|false\u00bb custom_padding_last_edited=\u00bbon|tablet\u00bb global_colors_info=\u00bb{}\u00bb][et_pb_text _builder_version=\u00bb4.21.0&#8243; _module_preset=\u00bbe6504a1b-67eb-4b3d-b023-bcab277610b6&#8243; header_4_font=\u00bbMukta|800||on|||||\u00bb header_4_text_color=\u00bb#12D678&#8243; header_4_font_size=\u00bb14px\u00bb header_4_letter_spacing=\u00bb0.15em\u00bb header_4_line_height=\u00bb1.5em\u00bb custom_margin=\u00bb||0px||false|false\u00bb global_colors_info=\u00bb{}\u00bb]<\/p>\n<h4>Cap\u00edtulo 4<\/h4>\n<p>[\/et_pb_text][et_pb_text _builder_version=\u00bb4.21.0&#8243; _module_preset=\u00bbc16985e1-e0d6-4022-964d-e2bfc04fa633&#8243; header_font=\u00bbPT Sans|700|||||||\u00bb header_text_color=\u00bb#FFFFFF\u00bb header_font_size=\u00bb75px\u00bb header_line_height=\u00bb1.2em\u00bb custom_margin=\u00bb||0px||false|false\u00bb header_font_size_tablet=\u00bb40px\u00bb header_font_size_phone=\u00bb24px\u00bb header_font_size_last_edited=\u00bbon|phone\u00bb global_colors_info=\u00bb{}\u00bb]<\/p>\n<h1><b>El Guardi\u00e1n Verdadero de la Luna<\/b><\/h1>\n<p>[\/et_pb_text][et_pb_text _builder_version=\u00bb4.21.0&#8243; _module_preset=\u00bb518880c8-46c7-4ffa-b5a6-93ffa99dcc17&#8243; text_font=\u00bbMukta|500|||||||\u00bb text_text_color=\u00bb#FFFFFF\u00bb text_font_size=\u00bb18px\u00bb text_line_height=\u00bb1.45em\u00bb hover_enabled=\u00bb0&#8243; text_font_size_tablet=\u00bb16px\u00bb text_font_size_phone=\u00bb14px\u00bb text_font_size_last_edited=\u00bbon|phone\u00bb global_colors_info=\u00bb{}\u00bb sticky_enabled=\u00bb0&#8243;]<\/p>\n<p style=\"text-align: justify;\"><span style=\"font-weight: 400;\">La Ciudad de la Luna brillaba otra vez.<\/span><br \/><span style=\"font-weight: 400;\">Las torres irradiaban luz plateada. Los caminos flotantes se llenaron de peque\u00f1os seres celebrando. Chispas luminosas sub\u00edan al cielo como fuegos artificiales silenciosos.<\/span><br \/><span style=\"font-weight: 400;\">Leo a\u00fan estaba sentado sobre la enorme mano del gigante de roca, respirando con dificultad.<\/span><br \/><span style=\"font-weight: 400;\">\u2014Definitivamente\u2026 esto supera cualquier tarea de ciencias \u2014murmur\u00f3.<\/span><br \/><span style=\"font-weight: 400;\">Mila lo abraz\u00f3 con fuerza.<\/span><br \/><span style=\"font-weight: 400;\">\u2014\u00a1Casi me das un ataque lunar!<\/span><br \/><span style=\"font-weight: 400;\">Tiko proyect\u00f3 confeti hologr\u00e1fico.<\/span><br \/><span style=\"font-weight: 400;\">\u2014Misi\u00f3n primaria completada con \u00e9xito extraordinario.<\/span><br \/><span style=\"font-weight: 400;\">El gigante inclin\u00f3 la cabeza ante Leo, y por primera vez, habl\u00f3 con una voz profunda que parec\u00eda venir desde el interior de la monta\u00f1a misma.<\/span><\/p>\n<p>[\/et_pb_text][\/et_pb_column][\/et_pb_row][\/et_pb_section][et_pb_section fb_built=\u00bb1&#8243; admin_label=\u00bbHeader\u00bb _builder_version=\u00bb4.17.3&#8243; _module_preset=\u00bbdefault\u00bb background_color=\u00bb#131517&#8243; custom_padding=\u00bb||||false|false\u00bb collapsed=\u00bbon\u00bb global_colors_info=\u00bb{}\u00bb][et_pb_row column_structure=\u00bb1_3,1_3,1_3&#8243; _builder_version=\u00bb4.17.3&#8243; _module_preset=\u00bbdefault\u00bb custom_margin=\u00bb||||false|false\u00bb hover_enabled=\u00bb0&#8243; global_colors_info=\u00bb{}\u00bb sticky_enabled=\u00bb0&#8243;][et_pb_column type=\u00bb1_3&#8243; _builder_version=\u00bb4.17.0&#8243; _module_preset=\u00bbdefault\u00bb global_colors_info=\u00bb{}\u00bb][et_pb_text _builder_version=\u00bb4.21.0&#8243; _module_preset=\u00bbdefault\u00bb text_text_color=\u00bb#FFFFFF\u00bb background_color=\u00bb#000000&#8243; hover_enabled=\u00bb0&#8243; global_colors_info=\u00bb{}\u00bb sticky_enabled=\u00bb0&#8243;]<\/p>\n<p style=\"text-align: justify;\"><span style=\"font-weight: 400;\">\u2014Gracias\u2026 peque\u00f1o humano.<\/span><br \/><span style=\"font-weight: 400;\">Leo abri\u00f3 los ojos sorprendido.<\/span><br \/><span style=\"font-weight: 400;\">\u2014\u00bfPuedes hablar?<\/span><br \/><span style=\"font-weight: 400;\">\u2014Solo cuando mi energ\u00eda est\u00e1 completa.<\/span><br \/><span style=\"font-weight: 400;\">La criatura que los hab\u00eda recibido al inicio se acerc\u00f3.<\/span><br \/><span style=\"font-weight: 400;\">\u2014\u00c9l es Arkan, el Guardi\u00e1n de la Energ\u00eda Lunar.<\/span><\/p>\n<p style=\"text-align: justify;\"><span style=\"font-weight: 400;\">Mila frunci\u00f3 el ce\u00f1o.<\/span><br \/><span style=\"font-weight: 400;\">\u2014Entonces\u2026 si \u00e9l protege el cristal, \u00bfpor qu\u00e9 se fractur\u00f3?<\/span><br \/><span style=\"font-weight: 400;\">Arkan guard\u00f3 silencio.<\/span><br \/><span style=\"font-weight: 400;\">Pero Tiko interrumpi\u00f3.<\/span><br \/><span style=\"font-weight: 400;\">\u2014Nueva se\u00f1al energ\u00e9tica detectada. Ubicaci\u00f3n: Torre Norte.<\/span><br \/><span style=\"font-weight: 400;\">Leo mir\u00f3 hacia la ciudad.<\/span><\/p>\n<p style=\"text-align: justify;\"><span style=\"font-weight: 400;\">En lo alto de una de las torres m\u00e1s altas, una figura peque\u00f1a sosten\u00eda un dispositivo brillante.<\/span><br \/><span style=\"font-weight: 400;\">\u2014Ah\u00ed est\u00e1 la sombra que vimos antes \u2014dijo Mila.<\/span><br \/><span style=\"font-weight: 400;\">Arkan rugi\u00f3 con enojo.<\/span><br \/><span style=\"font-weight: 400;\">\u2014Fue \u00e9l quien intent\u00f3 extraer energ\u00eda adicional del cristal.<\/span><br \/><span style=\"font-weight: 400;\">\u2014\u00bfQui\u00e9n es? \u2014pregunt\u00f3 Leo.<\/span><\/p>\n<p style=\"text-align: justify;\"><span style=\"font-weight: 400;\">La criatura lunar habl\u00f3 en voz baja.<\/span><br \/><span style=\"font-weight: 400;\">\u2014Se llama Varek. Es un antiguo ingeniero lunar. Cre\u00eda que la energ\u00eda del cristal deb\u00eda usarse para expandir la ciudad\u2026 m\u00e1s r\u00e1pido, m\u00e1s lejos, sin l\u00edmites.<\/span><br \/><span style=\"font-weight: 400;\">\u2014\u00bfY eso es malo? \u2014pregunt\u00f3 Leo.<\/span><br \/><span style=\"font-weight: 400;\">Mila respondi\u00f3:<\/span><br \/><span style=\"font-weight: 400;\">\u2014Si fuerzas demasiado una fuente de energ\u00eda, se rompe. Como pas\u00f3 aqu\u00ed.<\/span><br \/><span style=\"font-weight: 400;\">Tiko confirm\u00f3:<\/span><br \/><span style=\"font-weight: 400;\">\u2014Extracci\u00f3n excesiva detectada en registros recientes.<\/span><\/p>\n<p style=\"text-align: justify;\"><span style=\"font-weight: 400;\">En ese momento, desde la torre, Varek activ\u00f3 su dispositivo.<\/span><br \/><span style=\"font-weight: 400;\">Un rayo oscuro sali\u00f3 disparado hacia el cielo, absorbiendo parte de la energ\u00eda restaurada. <\/span><span style=\"font-weight: 400;\">Las luces volvieron a parpadear levemente.<\/span><\/p>\n<p>[\/et_pb_text][\/et_pb_column][et_pb_column type=\u00bb1_3&#8243; _builder_version=\u00bb4.17.3&#8243; _module_preset=\u00bbdefault\u00bb background_color=\u00bb#282828&#8243; custom_padding=\u00bb40px|20px|40px|20px|true|true\u00bb custom_padding_tablet=\u00bb30px|30px|30px|30px|true|true\u00bb custom_padding_phone=\u00bb20px|20px|20px|20px|true|true\u00bb custom_padding_last_edited=\u00bbon|phone\u00bb border_radii=\u00bbon|8px|8px|8px|8px\u00bb global_colors_info=\u00bb{}\u00bb][et_pb_text _builder_version=\u00bb4.21.0&#8243; _module_preset=\u00bbdefault\u00bb text_text_color=\u00bb#FFFFFF\u00bb hover_enabled=\u00bb0&#8243; global_colors_info=\u00bb{}\u00bb background_color=\u00bbRGBA(255,255,255,0)\u00bb sticky_enabled=\u00bb0&#8243;]<\/p>\n<p style=\"text-align: justify;\"><span style=\"font-weight: 400;\">\u2014\u00a1No aprendi\u00f3 nada! \u2014exclam\u00f3 Leo.<\/span><br \/><span style=\"font-weight: 400;\">Arkan dio un paso enorme hacia la ciudad.<\/span><br \/><span style=\"font-weight: 400;\">\u2014Detendr\u00e9 esto.<\/span><br \/><span style=\"font-weight: 400;\">Pero Mila levant\u00f3 la mano.<\/span><br \/><span style=\"font-weight: 400;\">\u2014Espera. Si atacas, podr\u00edas da\u00f1ar la ciudad otra vez.<\/span><\/p>\n<p style=\"text-align: justify;\"><span style=\"font-weight: 400;\">Leo mir\u00f3 la torre.<\/span><br \/><span style=\"font-weight: 400;\">\u2014Tenemos que hablar con \u00e9l.<\/span><br \/><span style=\"font-weight: 400;\">\u2014Probabilidad de di\u00e1logo exitoso: incierta \u2014dijo Tiko.<\/span><br \/><span style=\"font-weight: 400;\">\u2014Pues intentaremos igual \u2014respondi\u00f3 Leo.<\/span><br \/><span style=\"font-weight: 400;\">Subieron nuevamente al veh\u00edculo lunar y avanzaron hacia la Torre Norte mientras Arkan los segu\u00eda desde lejos.<\/span><\/p>\n<p style=\"text-align: justify;\"><span style=\"font-weight: 400;\">Al llegar, encontraron a Varek manipulando su m\u00e1quina: un aparato lleno de cables y cristales oscuros.<\/span><br \/><span style=\"font-weight: 400;\">Ten\u00eda ojos brillantes y una expresi\u00f3n obsesionada.<\/span><br \/><span style=\"font-weight: 400;\">\u2014\u00a1Al\u00e9jense! \u2014grit\u00f3 al verlos\u2014. La ciudad necesita m\u00e1s poder. \u00a1Podemos conquistar los cielos!<\/span><br \/><span style=\"font-weight: 400;\">Leo dio un paso adelante.<\/span><br \/><span style=\"font-weight: 400;\">\u2014Pero casi la destruyes.<\/span><br \/><span style=\"font-weight: 400;\">\u2014\u00a1Porque son d\u00e9biles! \u2014respondi\u00f3 Varek\u2014. Temen usar todo su potencial.<\/span><\/p>\n<p style=\"text-align: justify;\"><span style=\"font-weight: 400;\">Mila habl\u00f3 con firmeza.<\/span><br \/><span style=\"font-weight: 400;\">\u2014La energ\u00eda no es infinita. Si la fuerzas, se rompe. Como el cristal\u2026 y como Arkan.<\/span><br \/><span style=\"font-weight: 400;\">Varek dud\u00f3 un segundo.<\/span><br \/><span style=\"font-weight: 400;\">\u2014Yo solo quer\u00eda que la Ciudad de la Luna fuera eterna.<\/span><br \/><span style=\"font-weight: 400;\">Arkan lleg\u00f3 detr\u00e1s de ellos.<\/span><br \/><span style=\"font-weight: 400;\">Su voz reson\u00f3 fuerte pero calmada.<\/span><br \/><span style=\"font-weight: 400;\">\u2014La eternidad no se logra con fuerza\u2026 sino con equilibrio.<\/span><\/p>\n<p>[\/et_pb_text][\/et_pb_column][et_pb_column type=\u00bb1_3&#8243; _builder_version=\u00bb4.17.0&#8243; _module_preset=\u00bbdefault\u00bb global_colors_info=\u00bb{}\u00bb][et_pb_image src=\u00bbhttps:\/\/viajemagicoalaluna.revistacitrico.com\/wp-content\/uploads\/2026\/03\/WhatsApp-Image-2026-03-14-at-17.31.17.jpeg\u00bb title_text=\u00bbWhatsApp Image 2026-03-14 at 17.31.17&#8243; align=\u00bbright\u00bb _builder_version=\u00bb4.21.0&#8243; _module_preset=\u00bbdefault\u00bb max_height_tablet=\u00bb400px\u00bb max_height_phone=\u00bb400px\u00bb max_height_last_edited=\u00bbon|tablet\u00bb global_colors_info=\u00bb{}\u00bb][\/et_pb_image][\/et_pb_column][\/et_pb_row][\/et_pb_section][et_pb_section fb_built=\u00bb1&#8243; admin_label=\u00bbVideo\u00bb _builder_version=\u00bb4.17.3&#8243; _module_preset=\u00bbdefault\u00bb background_color=\u00bb#000000&#8243; collapsed=\u00bbon\u00bb global_colors_info=\u00bb{}\u00bb][et_pb_row _builder_version=\u00bb4.17.3&#8243; _module_preset=\u00bbdefault\u00bb global_colors_info=\u00bb{}\u00bb][et_pb_column type=\u00bb4_4&#8243; _builder_version=\u00bb4.17.1&#8243; _module_preset=\u00bbdefault\u00bb custom_padding_tablet=\u00bb30px||30px||true|false\u00bb custom_padding_phone=\u00bb30px||30px||true|false\u00bb custom_padding_last_edited=\u00bbon|tablet\u00bb global_colors_info=\u00bb{}\u00bb][et_pb_text _builder_version=\u00bb4.21.0&#8243; _module_preset=\u00bbdefault\u00bb text_text_color=\u00bb#FFFFFF\u00bb hover_enabled=\u00bb0&#8243; global_colors_info=\u00bb{}\u00bb sticky_enabled=\u00bb0&#8243;]<\/p>\n<p style=\"text-align: justify;\"><span style=\"font-weight: 400;\">Varek observ\u00f3 en silencio.<\/span><br \/><span style=\"font-weight: 400;\">Las luces de la ciudad brillaban estables ahora.<\/span><br \/><span style=\"font-weight: 400;\">Finalmente, desactiv\u00f3 la m\u00e1quina.<\/span><br \/><span style=\"font-weight: 400;\">El rayo oscuro desapareci\u00f3.<\/span><br \/><span style=\"font-weight: 400;\">La energ\u00eda volvi\u00f3 a fluir con suavidad.<\/span><br \/><span style=\"font-weight: 400;\">Arkan levant\u00f3 una mano gigantesca\u2026 pero no para atacar.<\/span><\/p>\n<p style=\"text-align: justify;\"><span style=\"font-weight: 400;\">La apoy\u00f3 suavemente en la torre, estabilizando su base.<\/span><br \/><span style=\"font-weight: 400;\">Varek mir\u00f3 al gigante.<\/span><br \/><span style=\"font-weight: 400;\">\u2014\u00bfMe\u2026 perdonas?<\/span><br \/><span style=\"font-weight: 400;\">Arkan respondi\u00f3:<\/span><br \/><span style=\"font-weight: 400;\">\u2014Si aprendes.<\/span><\/p>\n<p style=\"text-align: justify;\"><span style=\"font-weight: 400;\">El ingeniero asinti\u00f3 lentamente.<\/span><br \/><span style=\"font-weight: 400;\">La ciudad comenz\u00f3 a celebrar nuevamente, esta vez con m\u00fasica suave que resonaba como campanas lejanas.<\/span><\/p>\n<p style=\"text-align: justify;\"><span style=\"font-weight: 400;\">La criatura lunar se acerc\u00f3 a Leo, Mila y Tiko.<\/span><br \/><span style=\"font-weight: 400;\">\u2014Han salvado nuestra ciudad\u2026 y nos han ense\u00f1ado algo importante.<\/span><br \/><span style=\"font-weight: 400;\">\u2014\u00bfQu\u00e9 cosa? \u2014pregunt\u00f3 Leo.<\/span><br \/><span style=\"font-weight: 400;\">\u2014Que la verdadera fuerza no est\u00e1 en tomar m\u00e1s\u2026 sino en cuidar lo que ya tenemos.<\/span><br \/><span style=\"font-weight: 400;\">Leo sonri\u00f3.<\/span><\/p>\n<p style=\"text-align: justify;\"><span style=\"font-weight: 400;\">Mila mir\u00f3 el cielo estrellado.<\/span><br \/><span style=\"font-weight: 400;\">\u2014Creo que es hora de volver a casa.<\/span><br \/><span style=\"font-weight: 400;\">Arkan se inclin\u00f3 frente a ellos.<\/span><br \/><span style=\"font-weight: 400;\">\u2014Siempre tendr\u00e1n un lugar aqu\u00ed.<\/span><br \/><span style=\"font-weight: 400;\">El ML-1 despeg\u00f3 mientras la Ciudad de la Luna brillaba debajo como un oc\u00e9ano de estrellas.<\/span><\/p>\n<p style=\"text-align: justify;\"><span style=\"font-weight: 400;\">Dentro del cohete, Leo mir\u00f3 por la ventana.<\/span><br \/><span style=\"font-weight: 400;\">\u2014\u00bfCrees que volveremos?<\/span><br \/><span style=\"font-weight: 400;\">Mila sonri\u00f3.<\/span><br \/><span style=\"font-weight: 400;\">\u2014El universo es enorme. Y ahora sabemos que no estamos solos.<\/span><br \/><span style=\"font-weight: 400;\">Tiko a\u00f1adi\u00f3:<\/span><br \/><span style=\"font-weight: 400;\">\u2014Nuevas coordenadas detectadas en sectores desconocidos del espacio.<\/span><br \/><span style=\"font-weight: 400;\">Leo ri\u00f3.<\/span><br \/><span style=\"font-weight: 400;\">\u2014Claro que s\u00ed volveremos.<\/span><\/p>\n<p style=\"text-align: justify;\"><span style=\"font-weight: 400;\">Mientras la Tierra aparec\u00eda en el horizonte, la Luna brill\u00f3 detr\u00e1s de ellos\u2026 m\u00e1s viva que nunca.<\/span><br \/><span style=\"font-weight: 400;\">Y en lo alto de la ciudad, Arkan observaba el cielo, p<\/span><span style=\"font-weight: 400;\">rotegiendo, e<\/span><span style=\"font-weight: 400;\">sperando, p<\/span><span style=\"font-weight: 400;\">orque la magia del universo no termina con una aventura, a<\/span><span style=\"font-weight: 400;\">penas comienza.<\/span><\/p>\n<p>[\/et_pb_text][\/et_pb_column][\/et_pb_row][\/et_pb_section][et_pb_section fb_built=\u00bb1&#8243; admin_label=\u00bbFeatures\u00bb _builder_version=\u00bb4.17.3&#8243; _module_preset=\u00bbdefault\u00bb background_color=\u00bb#000000&#8243; collapsed=\u00bbon\u00bb global_colors_info=\u00bb{}\u00bb][et_pb_row make_equal=\u00bbon\u00bb _builder_version=\u00bb4.17.1&#8243; _module_preset=\u00bbdefault\u00bb global_colors_info=\u00bb{}\u00bb][et_pb_column type=\u00bb4_4&#8243; _builder_version=\u00bb4.17.0&#8243; _module_preset=\u00bbdefault\u00bb global_colors_info=\u00bb{}\u00bb][et_pb_image src=\u00bbhttps:\/\/viajemagicoalaluna.revistacitrico.com\/wp-content\/uploads\/2026\/03\/WhatsApp-Image-2026-03-14-at-16.51.29-1.jpeg\u00bb title_text=\u00bbWhatsApp Image 2026-03-14 at 16.51.29 (1)\u00bb align=\u00bbcenter\u00bb _builder_version=\u00bb4.21.0&#8243; _module_preset=\u00bbdefault\u00bb width=\u00bb100%\u00bb module_alignment=\u00bbcenter\u00bb custom_margin=\u00bb|-1px||-1px|false|false\u00bb animation_style=\u00bbslide\u00bb animation_duration=\u00bb1700ms\u00bb animation_delay=\u00bb1000ms\u00bb animation_starting_opacity=\u00bb24%\u00bb animation_repeat=\u00bbloop\u00bb border_width_left=\u00bb38px\u00bb border_color_left=\u00bb#000000&#8243; box_shadow_style=\u00bbpreset5&#8243; box_shadow_horizontal=\u00bb70px\u00bb box_shadow_vertical=\u00bb51px\u00bb global_colors_info=\u00bb{}\u00bb][\/et_pb_image][\/et_pb_column][\/et_pb_row][\/et_pb_section]<\/p>\n","protected":false},"excerpt":{"rendered":"<p>Cap\u00edtulo 4El Guardi\u00e1n Verdadero de la LunaLa Ciudad de la Luna brillaba otra vez.Las torres irradiaban luz plateada. Los caminos flotantes se llenaron de peque\u00f1os seres celebrando. Chispas luminosas sub\u00edan al cielo como fuegos artificiales silenciosos.Leo a\u00fan estaba sentado sobre la enorme mano del gigante de roca, respirando con dificultad.\u2014Definitivamente\u2026 esto supera cualquier tarea de [&hellip;]<\/p>\n","protected":false},"author":1,"featured_media":0,"parent":0,"menu_order":0,"comment_status":"closed","ping_status":"closed","template":"","meta":{"_et_pb_use_builder":"on","_et_pb_old_content":"","_et_gb_content_width":"","footnotes":""},"class_list":["post-73","page","type-page","status-publish","hentry"],"_links":{"self":[{"href":"https:\/\/viajemagicoalaluna.revistacitrico.com\/index.php\/wp-json\/wp\/v2\/pages\/73","targetHints":{"allow":["GET"]}}],"collection":[{"href":"https:\/\/viajemagicoalaluna.revistacitrico.com\/index.php\/wp-json\/wp\/v2\/pages"}],"about":[{"href":"https:\/\/viajemagicoalaluna.revistacitrico.com\/index.php\/wp-json\/wp\/v2\/types\/page"}],"author":[{"embeddable":true,"href":"https:\/\/viajemagicoalaluna.revistacitrico.com\/index.php\/wp-json\/wp\/v2\/users\/1"}],"replies":[{"embeddable":true,"href":"https:\/\/viajemagicoalaluna.revistacitrico.com\/index.php\/wp-json\/wp\/v2\/comments?post=73"}],"version-history":[{"count":3,"href":"https:\/\/viajemagicoalaluna.revistacitrico.com\/index.php\/wp-json\/wp\/v2\/pages\/73\/revisions"}],"predecessor-version":[{"id":117,"href":"https:\/\/viajemagicoalaluna.revistacitrico.com\/index.php\/wp-json\/wp\/v2\/pages\/73\/revisions\/117"}],"wp:attachment":[{"href":"https:\/\/viajemagicoalaluna.revistacitrico.com\/index.php\/wp-json\/wp\/v2\/media?parent=73"}],"curies":[{"name":"wp","href":"https:\/\/api.w.org\/{rel}","templated":true}]}}